{"id":68,"date":"2025-04-29T14:48:35","date_gmt":"2025-04-29T12:48:35","guid":{"rendered":"https:\/\/lunabeauty.pl\/?page_id=68"},"modified":"2025-05-02T17:10:46","modified_gmt":"2025-05-02T15:10:46","slug":"nail-atelier-book-appointment","status":"publish","type":"page","link":"https:\/\/lunabeauty.pl\/?page_id=68","title":{"rendered":"Kalendarz"},"content":{"rendered":"\t\t<div data-elementor-type=\"wp-page\" data-elementor-id=\"68\" class=\"elementor elementor-68\" data-elementor-post-type=\"page\">\n\t\t\t\t\t\t<section class=\"elementor-section elementor-top-section elementor-element elementor-element-5390f1f elementor-section-boxed elementor-section-height-default elementor-section-height-default\" data-id=\"5390f1f\" data-element_type=\"section\" data-settings=\"{&quot;background_background&quot;:&quot;classic&quot;}\">\n\t\t\t\t\t\t<div class=\"elementor-container elementor-column-gap-no\">\n\t\t\t\t\t<div class=\"elementor-column elementor-col-100 elementor-top-column elementor-element elementor-element-9e985b4\" data-id=\"9e985b4\" data-element_type=\"column\">\n\t\t\t<div class=\"elementor-widget-wrap elementor-element-populated\">\n\t\t\t\t\t\t<div class=\"elementor-element elementor-element-c8e0b60 elementor-widget-tablet__width-initial elementor-widget-mobile__width-initial elementor-widget elementor-widget-heading\" data-id=\"c8e0b60\" data-element_type=\"widget\" data-widget_type=\"heading.default\">\n\t\t\t\t<div class=\"elementor-widget-container\">\n\t\t\t\t\t<h1 class=\"elementor-heading-title elementor-size-default\">Zarezerwuj wizyt\u0119<\/h1>\t\t\t\t<\/div>\n\t\t\t\t<\/div>\n\t\t\t\t<div class=\"elementor-element elementor-element-361c26c elementor-align-center elementor-icon-list--layout-traditional elementor-list-item-link-full_width elementor-widget elementor-widget-icon-list\" data-id=\"361c26c\" data-element_type=\"widget\" data-widget_type=\"icon-list.default\">\n\t\t\t\t<div class=\"elementor-widget-container\">\n\t\t\t\t\t\t\t<ul class=\"elementor-icon-list-items\">\n\t\t\t\t\t\t\t<li class=\"elementor-icon-list-item\">\n\t\t\t\t\t\t\t\t\t\t\t<a href=\"https:\/\/agency.templately.com\/nailcut\/\">\n\n\t\t\t\t\t\t\t\t\t\t\t<span class=\"elementor-icon-list-text\">Skorzystaj z kalendarza lub napisz do nas<\/span>\n\t\t\t\t\t\t\t\t\t\t\t<\/a>\n\t\t\t\t\t\t\t\t\t<\/li>\n\t\t\t\t\t\t<\/ul>\n\t\t\t\t\t\t<\/div>\n\t\t\t\t<\/div>\n\t\t\t\t\t<\/div>\n\t\t<\/div>\n\t\t\t\t\t<\/div>\n\t\t<\/section>\n\t\t\t\t<section class=\"elementor-section elementor-top-section elementor-element elementor-element-b7e6c25 elementor-section-boxed elementor-section-height-default elementor-section-height-default\" data-id=\"b7e6c25\" data-element_type=\"section\">\n\t\t\t\t\t\t<div class=\"elementor-container elementor-column-gap-no\">\n\t\t\t\t\t<div class=\"elementor-column elementor-col-100 elementor-top-column elementor-element elementor-element-3a7b4e1\" data-id=\"3a7b4e1\" data-element_type=\"column\">\n\t\t\t<div class=\"elementor-widget-wrap elementor-element-populated\">\n\t\t\t\t\t\t<div class=\"elementor-element elementor-element-082d0d2 elementor-widget elementor-widget-eael-event-calendar\" data-id=\"082d0d2\" data-element_type=\"widget\" data-widget_type=\"eael-event-calendar.default\">\n\t\t\t\t<div class=\"elementor-widget-container\">\n\t\t\t\t\t<div class=\"eael-event-calendar-wrapper layout-calendar\"><div id=\"eael-event-calendar-082d0d2\" class=\"eael-event-calendar-cls\"\n            data-cal_id = \"082d0d2\"\n            data-locale = \"en\"\n            data-translate = \"{&quot;today&quot;:&quot;Today&quot;,&quot;tomorrow&quot;:&quot;Tomorrow&quot;}\"\n            data-defaultview = \"dayGridMonth\"\n            data-defaultdate = \"2026-04-09\"\n            data-time_format = \"\"\n            data-event_limit = \"3\"\n            data-popup_date_format = \"MMM Do\"\n            data-multidays_event_day_count= \"0\"\n            data-monthColumnHeaderFormat = \"\"\n            data-weekColumnHeaderFormat = \"\"\n            data-hideDetailsLink= \"\"\n            data-detailsButtonText = \"Event Details\"\n            data-events=\"[{&quot;id&quot;:0,&quot;title&quot;:&quot;Event Title&quot;,&quot;description&quot;:&quot;&quot;,&quot;start&quot;:&quot;2026-04-09&quot;,&quot;end&quot;:&quot;2026-04-09 00:00:01&quot;,&quot;borderColor&quot;:&quot;#000000&quot;,&quot;textColor&quot;:&quot;#ffffff&quot;,&quot;color&quot;:&quot;#000000&quot;,&quot;url&quot;:&quot;&quot;,&quot;allDay&quot;:&quot;&quot;,&quot;external&quot;:&quot;&quot;,&quot;nofollow&quot;:&quot;&quot;,&quot;is_redirect&quot;:&quot;&quot;,&quot;custom_attributes&quot;:[],&quot;event_link&quot;:{&quot;url&quot;:&quot;&quot;,&quot;is_external&quot;:&quot;&quot;,&quot;nofollow&quot;:&quot;&quot;,&quot;custom_attributes&quot;:&quot;&quot;}}]\"\n            data-first_day=\"0\"><\/div><div id=\"eaelecModal\" class=\"eaelec-modal eael-zoom-in\">\n            <div class=\"eael-ec-modal-bg\"><\/div>\n            <div class=\"eaelec-modal-content\">\n                <div class=\"eaelec-modal-header\">\n                    <div class=\"eaelec-modal-close\"><span><i class=\"fas fa-times\"><\/i><\/span><\/div>\n                    <h2 class=\"eael-ec-modal-title\"><\/h2>\n                    <span class=\"eaelec-event-date-start eaelec-event-popup-date\"><\/span>\n                    <span class=\"eaelec-event-date-end eaelec-event-popup-date\"><\/span>\n                <\/div>\n                <div class=\"eaelec-modal-body\">\n                    <p><\/p>\n                <\/div>\n                <div class=\"eaelec-modal-footer\">\n                    <a class=\"eaelec-event-details-link\">Event Details<\/a>\n                <\/div>\n            <\/div>\n        <\/div><\/div>\t\t\t\t<\/div>\n\t\t\t\t<\/div>\n\t\t\t\t\t<\/div>\n\t\t<\/div>\n\t\t\t\t\t<\/div>\n\t\t<\/section>\n\t\t\t\t<section class=\"elementor-section elementor-top-section elementor-element elementor-element-48fd786 elementor-section-boxed elementor-section-height-default elementor-section-height-default\" data-id=\"48fd786\" data-element_type=\"section\">\n\t\t\t\t\t\t<div class=\"elementor-container elementor-column-gap-no\">\n\t\t\t\t\t<div class=\"elementor-column elementor-col-100 elementor-top-column elementor-element elementor-element-787dd3c\" data-id=\"787dd3c\" data-element_type=\"column\">\n\t\t\t<div class=\"elementor-widget-wrap elementor-element-populated\">\n\t\t\t\t\t\t<div class=\"elementor-element elementor-element-f3bfe18 elementor-widget elementor-widget-heading\" data-id=\"f3bfe18\" data-element_type=\"widget\" data-widget_type=\"heading.default\">\n\t\t\t\t<div class=\"elementor-widget-container\">\n\t\t\t\t\t<h5 class=\"elementor-heading-title elementor-size-default\">skontaktuj si\u0119 z nami<\/h5>\t\t\t\t<\/div>\n\t\t\t\t<\/div>\n\t\t\t\t<div class=\"elementor-element elementor-element-e35d22d elementor-widget-tablet__width-initial elementor-widget-mobile__width-initial elementor-widget elementor-widget-heading\" data-id=\"e35d22d\" data-element_type=\"widget\" data-widget_type=\"heading.default\">\n\t\t\t\t<div class=\"elementor-widget-container\">\n\t\t\t\t\t<h2 class=\"elementor-heading-title elementor-size-default\">masz jakie\u015b pytania?<\/h2>\t\t\t\t<\/div>\n\t\t\t\t<\/div>\n\t\t\t\t<div class=\"elementor-element elementor-element-f22f2fc eael-fluentform-form-button-custom elementor-widget elementor-widget-eael-fluentform\" data-id=\"f22f2fc\" data-element_type=\"widget\" data-widget_type=\"eael-fluentform.default\">\n\t\t\t\t<div class=\"elementor-widget-container\">\n\t\t\t\t\t        <div class=\"eael-contact-form eael-fluent-form-wrapper clearfix fluent-form-labels-hide eael-contact-form-align-default\">\n\n            \n            <div class='fluentform ff-default fluentform_wrapper_5 ffs_default_wrap'><form data-form_id=\"5\" id=\"fluentform_5\" class=\"frm-fluent-form fluent_form_5 ff-el-form-top ff_form_instance_5_1 ff-form-loading ffs_default\" data-form_instance=\"ff_form_instance_5_1\" method=\"POST\" ><fieldset  style=\"border: none!important;margin: 0!important;padding: 0!important;background-color: transparent!important;box-shadow: none!important;outline: none!important; min-inline-size: 100%;\">\n                    <legend class=\"ff_screen_reader_title\" style=\"display: block; margin: 0!important;padding: 0!important;height: 0!important;text-indent: -999999px;width: 0!important;overflow:hidden;\">Contact Form Demo (#5)<\/legend><input type='hidden' name='__fluent_form_embded_post_id' value='68' \/><input type=\"hidden\" id=\"_fluentform_5_fluentformnonce\" name=\"_fluentform_5_fluentformnonce\" value=\"a4d29cedf0\" \/><input type=\"hidden\" name=\"_wp_http_referer\" value=\"\/index.php?rest_route=%2Fwp%2Fv2%2Fpages%2F68\" \/><div data-type=\"name-element\" data-name=\"names\" class=\" ff-field_container ff-name-field-wrapper\" ><div class='ff-t-container'><div class='ff-t-cell '><div class='ff-el-group'><div class=\"ff-el-input--label asterisk-right\"><label for='ff_5_names_first_name_' >Imi\u0119<\/label><\/div><div class='ff-el-input--content'><input type=\"text\" name=\"names[first_name]\" id=\"ff_5_names_first_name_\" class=\"ff-el-form-control\" placeholder=\"Imi\u0119\" aria-invalid=\"false\" aria-required=false><\/div><\/div><\/div><div class='ff-t-cell '><div class='ff-el-group'><div class=\"ff-el-input--label asterisk-right\"><label for='ff_5_names_last_name_' >Nazwisko<\/label><\/div><div class='ff-el-input--content'><input type=\"text\" name=\"names[last_name]\" id=\"ff_5_names_last_name_\" class=\"ff-el-form-control\" placeholder=\"Nazwisko\" aria-invalid=\"false\" aria-required=false><\/div><\/div><\/div><\/div><\/div><div class='ff-el-group'><div class=\"ff-el-input--label ff-el-is-required asterisk-right\"><label for='ff_5_email' aria-label=\"Email\">Email<\/label><\/div><div class='ff-el-input--content'><input type=\"email\" name=\"email\" id=\"ff_5_email\" class=\"ff-el-form-control\" placeholder=\"Email \" data-name=\"email\"  aria-invalid=\"false\" aria-required=true><\/div><\/div><div class='ff-el-group'><div class=\"ff-el-input--label asterisk-right\"><label for='ff_5_subject' aria-label=\"Subject\">Subject<\/label><\/div><div class='ff-el-input--content'><input type=\"text\" name=\"subject\" class=\"ff-el-form-control\" placeholder=\"Temat\" data-name=\"subject\" id=\"ff_5_subject\"  aria-invalid=\"false\" aria-required=false><\/div><\/div><div class='ff-el-group'><div class=\"ff-el-input--label ff-el-is-required asterisk-right\"><label for='ff_5_message' aria-label=\"Napisz do nas\">Napisz do nas<\/label><\/div><div class='ff-el-input--content'><textarea aria-invalid=\"false\" aria-required=true name=\"message\" id=\"ff_5_message\" class=\"ff-el-form-control\" placeholder=\"Napisz do nas\" rows=\"4\" cols=\"2\" data-name=\"message\" ><\/textarea><\/div><\/div><div class='ff-el-group ff-text-left ff_submit_btn_wrapper'><button type=\"submit\" class=\"ff-btn ff-btn-submit ff-btn-md ff_btn_style\" >Wy\u015blij<\/button><\/div><\/fieldset><\/form><div id='fluentform_5_errors' class='ff-errors-in-stack ff_form_instance_5_1 ff-form-loading_errors ff_form_instance_5_1_errors'><\/div><\/div>        <script type=\"text\/javascript\">\n            window.fluent_form_ff_form_instance_5_1 = {\"id\":\"5\",\"settings\":{\"layout\":{\"labelPlacement\":\"top\",\"asteriskPlacement\":\"asterisk-right\",\"helpMessagePlacement\":\"with_label\",\"errorMessagePlacement\":\"inline\",\"cssClassName\":\"\"},\"restrictions\":{\"denyEmptySubmission\":{\"enabled\":false}}},\"form_instance\":\"ff_form_instance_5_1\",\"form_id_selector\":\"fluentform_5\",\"rules\":{\"names[first_name]\":{\"required\":{\"value\":false,\"message\":\"This field is required\",\"global\":true,\"global_message\":\"This field is required\"}},\"names[middle_name]\":{\"required\":{\"value\":false,\"message\":\"This field is required\",\"global\":true,\"global_message\":\"This field is required\"}},\"names[last_name]\":{\"required\":{\"value\":false,\"message\":\"This field is required\",\"global\":true,\"global_message\":\"This field is required\"}},\"email\":{\"required\":{\"value\":true,\"message\":\"This field is required\",\"global\":true,\"global_message\":\"This field is required\"},\"email\":{\"value\":true,\"message\":\"This field must contain a valid email\",\"global\":true,\"global_message\":\"This field must contain a valid email\"}},\"subject\":{\"required\":{\"value\":false,\"message\":\"This field is required\",\"global\":true,\"global_message\":\"This field is required\"}},\"message\":{\"required\":{\"value\":true,\"message\":\"This field is required\",\"global\":true,\"global_message\":\"This field is required\"}}},\"debounce_time\":300};\n                    <\/script>\n                <\/div>\n\n        \t\t\t\t<\/div>\n\t\t\t\t<\/div>\n\t\t\t\t\t<\/div>\n\t\t<\/div>\n\t\t\t\t\t<\/div>\n\t\t<\/section>\n\t\t\t\t<section class=\"elementor-section elementor-top-section elementor-element elementor-element-9a6d154 elementor-section-full_width elementor-section-height-default elementor-section-height-default\" data-id=\"9a6d154\" data-element_type=\"section\" data-settings=\"{&quot;background_background&quot;:&quot;classic&quot;}\">\n\t\t\t\t\t\t<div class=\"elementor-container elementor-column-gap-no\">\n\t\t\t\t\t<div class=\"elementor-column elementor-col-100 elementor-top-column elementor-element elementor-element-c46bed2\" data-id=\"c46bed2\" data-element_type=\"column\">\n\t\t\t<div class=\"elementor-widget-wrap elementor-element-populated\">\n\t\t\t\t\t\t<div class=\"elementor-element elementor-element-904e0b9 elementor-widget-tablet__width-initial elementor-widget-mobile__width-initial elementor-widget elementor-widget-heading\" data-id=\"904e0b9\" data-element_type=\"widget\" data-widget_type=\"heading.default\">\n\t\t\t\t<div class=\"elementor-widget-container\">\n\t\t\t\t\t<h2 class=\"elementor-heading-title elementor-size-default\">\u015aled\u017a nas na instagramie<\/h2>\t\t\t\t<\/div>\n\t\t\t\t<\/div>\n\t\t\t\t<div class=\"elementor-element elementor-element-65e3d46 elementor-widget elementor-widget-heading\" data-id=\"65e3d46\" data-element_type=\"widget\" data-widget_type=\"heading.default\">\n\t\t\t\t<div class=\"elementor-widget-container\">\n\t\t\t\t\t<h5 class=\"elementor-heading-title elementor-size-default\"><a href=\"#\">@lunabeauty_nails<\/a><\/h5>\t\t\t\t<\/div>\n\t\t\t\t<\/div>\n\t\t\t\t<div class=\"elementor-element elementor-element-2c1217b elementor-widget elementor-widget-image-carousel\" data-id=\"2c1217b\" data-element_type=\"widget\" data-settings=\"{&quot;slides_to_show&quot;:&quot;5&quot;,&quot;slides_to_show_tablet&quot;:&quot;4&quot;,&quot;slides_to_show_mobile&quot;:&quot;3&quot;,&quot;navigation&quot;:&quot;none&quot;,&quot;autoplay&quot;:&quot;yes&quot;,&quot;pause_on_hover&quot;:&quot;yes&quot;,&quot;pause_on_interaction&quot;:&quot;yes&quot;,&quot;autoplay_speed&quot;:5000,&quot;infinite&quot;:&quot;yes&quot;,&quot;speed&quot;:500}\" data-widget_type=\"image-carousel.default\">\n\t\t\t\t<div class=\"elementor-widget-container\">\n\t\t\t\t\t\t\t<div class=\"elementor-image-carousel-wrapper swiper\" role=\"region\" aria-roledescription=\"carousel\" aria-label=\"Karuzela obrazk\u00f3w\" dir=\"ltr\">\n\t\t\t<div class=\"elementor-image-carousel swiper-wrapper\" aria-live=\"off\">\n\t\t\t\t\t\t\t\t<div class=\"swiper-slide\" role=\"group\" aria-roledescription=\"slide\" aria-label=\"1 of 5\"><figure class=\"swiper-slide-inner\"><img decoding=\"async\" class=\"swiper-slide-image\" src=\"https:\/\/lunabeauty.pl\/wp-content\/uploads\/2025\/04\/73acb3f9-beautiful-woman-s-nails-with-beautiful-french-white-manicure-1-min.png\" alt=\"73acb3f9-beautiful-woman-s-nails-with-beautiful-french-white-manicure-1-min.png\" \/><\/figure><\/div><div class=\"swiper-slide\" role=\"group\" aria-roledescription=\"slide\" aria-label=\"2 of 5\"><figure class=\"swiper-slide-inner\"><img decoding=\"async\" class=\"swiper-slide-image\" src=\"https:\/\/lunabeauty.pl\/wp-content\/uploads\/2025\/04\/92a205a5-beige-nails-woman-2-min.png\" alt=\"92a205a5-beige-nails-woman-2-min.png\" \/><\/figure><\/div><div class=\"swiper-slide\" role=\"group\" aria-roledescription=\"slide\" aria-label=\"3 of 5\"><figure class=\"swiper-slide-inner\"><img decoding=\"async\" class=\"swiper-slide-image\" src=\"https:\/\/lunabeauty.pl\/wp-content\/uploads\/2025\/04\/86076425-closeup-photo-female-feet-spa-salon-pedicure-manicure-procedure-soft-focus-image-1-min.png\" alt=\"86076425-closeup-photo-female-feet-spa-salon-pedicure-manicure-procedure-soft-focus-image-1-min.png\" \/><\/figure><\/div><div class=\"swiper-slide\" role=\"group\" aria-roledescription=\"slide\" aria-label=\"4 of 5\"><figure class=\"swiper-slide-inner\"><img decoding=\"async\" class=\"swiper-slide-image\" src=\"https:\/\/lunabeauty.pl\/wp-content\/uploads\/2025\/04\/96dce5b7-hand-cleans-tweezers-putting-craft-bag-ultrasonic-cleaner-2-min.png\" alt=\"96dce5b7-hand-cleans-tweezers-putting-craft-bag-ultrasonic-cleaner-2-min.png\" \/><\/figure><\/div><div class=\"swiper-slide\" role=\"group\" aria-roledescription=\"slide\" aria-label=\"5 of 5\"><figure class=\"swiper-slide-inner\"><img decoding=\"async\" class=\"swiper-slide-image\" src=\"https:\/\/lunabeauty.pl\/wp-content\/uploads\/2025\/04\/bd811a50-woman-nail-salon-receiving-manicure-by-beautician-beauty-treatment-concept-1-min.png\" alt=\"bd811a50-woman-nail-salon-receiving-manicure-by-beautician-beauty-treatment-concept-1-min.png\" \/><\/figure><\/div>\t\t\t<\/div>\n\t\t\t\t\t\t\t\n\t\t\t\t\t\t\t\t\t<\/div>\n\t\t\t\t\t\t<\/div>\n\t\t\t\t<\/div>\n\t\t\t\t\t<\/div>\n\t\t<\/div>\n\t\t\t\t\t<\/div>\n\t\t<\/section>\n\t\t\t\t<section class=\"elementor-section elementor-top-section elementor-element elementor-element-d3dace1 elementor-section-boxed elementor-section-height-default elementor-section-height-default\" data-id=\"d3dace1\" data-element_type=\"section\" data-settings=\"{&quot;background_background&quot;:&quot;classic&quot;}\">\n\t\t\t\t\t\t<div class=\"elementor-container elementor-column-gap-no\">\n\t\t\t\t\t<div class=\"elementor-column elementor-col-100 elementor-top-column elementor-element elementor-element-b4a5fb2\" data-id=\"b4a5fb2\" data-element_type=\"column\">\n\t\t\t<div class=\"elementor-widget-wrap elementor-element-populated\">\n\t\t\t\t\t\t<div class=\"elementor-element elementor-element-467dc24 elementor-widget-tablet__width-initial elementor-widget-mobile__width-initial elementor-widget elementor-widget-heading\" data-id=\"467dc24\" data-element_type=\"widget\" data-widget_type=\"heading.default\">\n\t\t\t\t<div class=\"elementor-widget-container\">\n\t\t\t\t\t<h3 class=\"elementor-heading-title elementor-size-default\">Chcesz by\u0107 na bie\u017c\u0105co z najnowszymi trendami?\nZapisz si\u0119!<\/h3>\t\t\t\t<\/div>\n\t\t\t\t<\/div>\n\t\t\t\t<div class=\"elementor-element elementor-element-4ba79b7 eael-fluentform-form-button-left elementor-widget__width-initial eael-fluentform-form-button-custom elementor-widget elementor-widget-eael-fluentform\" data-id=\"4ba79b7\" data-element_type=\"widget\" data-widget_type=\"eael-fluentform.default\">\n\t\t\t\t<div class=\"elementor-widget-container\">\n\t\t\t\t\t        <div class=\"eael-contact-form eael-fluent-form-wrapper clearfix eael-contact-form-align-default eael-fluent-form-subscription\">\n\n            \n            <div class='fluentform ff-default fluentform_wrapper_3 ffs_default_wrap'><form data-form_id=\"3\" id=\"fluentform_3\" class=\"frm-fluent-form fluent_form_3 ff-el-form-top ff_form_instance_3_2 ff-form-loading ffs_default\" data-form_instance=\"ff_form_instance_3_2\" method=\"POST\" ><fieldset  style=\"border: none!important;margin: 0!important;padding: 0!important;background-color: transparent!important;box-shadow: none!important;outline: none!important; min-inline-size: 100%;\">\n                    <legend class=\"ff_screen_reader_title\" style=\"display: block; margin: 0!important;padding: 0!important;height: 0!important;text-indent: -999999px;width: 0!important;overflow:hidden;\">Subscription Form<\/legend><input type='hidden' name='__fluent_form_embded_post_id' value='68' \/><input type=\"hidden\" id=\"_fluentform_3_fluentformnonce\" name=\"_fluentform_3_fluentformnonce\" value=\"a4d29cedf0\" \/><input type=\"hidden\" name=\"_wp_http_referer\" value=\"\/index.php?rest_route=%2Fwp%2Fv2%2Fpages%2F68\" \/><div data-name=\"ff_cn_id_1\"  class='ff-t-container ff-column-container ff_columns_total_2  '><div class='ff-t-cell ff-t-column-1' style='flex-basis: 50%;'><div class='ff-el-group'><div class='ff-el-input--content'><input type=\"email\" name=\"email\" id=\"ff_3_2_email\" class=\"ff-el-form-control\" placeholder=\"Your Email Address\" data-name=\"email\"  aria-invalid=\"false\" aria-required=true><\/div><\/div><\/div><div class='ff-t-cell ff-t-column-2' style='flex-basis: 50%;'><div class='ff-el-group ff-text-left ff_submit_btn_wrapper ff_submit_btn_wrapper_custom'><button class=\"ff-btn ff-btn-submit ff-btn-md ff_btn_style wpf_has_custom_css\" type=\"submit\" name=\"custom_submit_button-3_1\" data-name=\"custom_submit_button-3_1\" >Subscribe<\/button><style>form.fluent_form_3 .wpf_has_custom_css.ff-btn-submit { background-color:#409EFF;border-color:#409EFF;color:#ffffff;min-width:100%; }form.fluent_form_3 .wpf_has_custom_css.ff-btn-submit:hover { background-color:#ffffff;border-color:#409EFF;color:#409EFF;min-width:100%; } <\/style><\/div><\/div><\/div><\/fieldset><\/form><div id='fluentform_3_errors' class='ff-errors-in-stack ff_form_instance_3_2 ff-form-loading_errors ff_form_instance_3_2_errors'><\/div><\/div>        <script type=\"text\/javascript\">\n            window.fluent_form_ff_form_instance_3_2 = {\"id\":\"3\",\"settings\":{\"layout\":{\"labelPlacement\":\"top\",\"helpMessagePlacement\":\"with_label\",\"errorMessagePlacement\":\"inline\",\"asteriskPlacement\":\"asterisk-right\"},\"restrictions\":{\"denyEmptySubmission\":{\"enabled\":false}}},\"form_instance\":\"ff_form_instance_3_2\",\"form_id_selector\":\"fluentform_3\",\"rules\":{\"email\":{\"required\":{\"value\":true,\"message\":\"This field is required\"},\"email\":{\"value\":true,\"message\":\"This field must contain a valid email\"}}},\"debounce_time\":300};\n                    <\/script>\n                <\/div>\n\n        \t\t\t\t<\/div>\n\t\t\t\t<\/div>\n\t\t\t\t\t<\/div>\n\t\t<\/div>\n\t\t\t\t\t<\/div>\n\t\t<\/section>\n\t\t\t\t<\/div>\n\t\t","protected":false},"excerpt":{"rendered":"<p>Zarezerwuj wizyt\u0119 Skorzystaj z kalendarza lub napisz do nas Event Details skontaktuj si\u0119 z nami masz jakie\u015b pytania? Contact Form Demo (#5) Imi\u0119NazwiskoEmailSubjectNapisz do nasWy\u015blij \u015aled\u017a nas na instagramie @lunabeauty_nails Chcesz by\u0107 na bie\u017c\u0105co z najnowszymi trendami? Zapisz si\u0119! Subscription Form Subscribe<\/p>\n","protected":false},"author":1,"featured_media":0,"parent":0,"menu_order":0,"comment_status":"closed","ping_status":"closed","template":"elementor_header_footer","meta":{"footnotes":""},"class_list":["post-68","page","type-page","status-publish","hentry"],"_links":{"self":[{"href":"https:\/\/lunabeauty.pl\/index.php?rest_route=\/wp\/v2\/pages\/68","targetHints":{"allow":["GET"]}}],"collection":[{"href":"https:\/\/lunabeauty.pl\/index.php?rest_route=\/wp\/v2\/pages"}],"about":[{"href":"https:\/\/lunabeauty.pl\/index.php?rest_route=\/wp\/v2\/types\/page"}],"author":[{"embeddable":true,"href":"https:\/\/lunabeauty.pl\/index.php?rest_route=\/wp\/v2\/users\/1"}],"replies":[{"embeddable":true,"href":"https:\/\/lunabeauty.pl\/index.php?rest_route=%2Fwp%2Fv2%2Fcomments&post=68"}],"version-history":[{"count":11,"href":"https:\/\/lunabeauty.pl\/index.php?rest_route=\/wp\/v2\/pages\/68\/revisions"}],"predecessor-version":[{"id":231,"href":"https:\/\/lunabeauty.pl\/index.php?rest_route=\/wp\/v2\/pages\/68\/revisions\/231"}],"wp:attachment":[{"href":"https:\/\/lunabeauty.pl\/index.php?rest_route=%2Fwp%2Fv2%2Fmedia&parent=68"}],"curies":[{"name":"wp","href":"https:\/\/api.w.org\/{rel}","templated":true}]}}